{"id":3309,"date":"2021-07-09T09:56:33","date_gmt":"2021-07-09T07:56:33","guid":{"rendered":"https:\/\/storeringheim.no\/?page_id=3309"},"modified":"2026-04-10T22:46:37","modified_gmt":"2026-04-10T20:46:37","slug":"home","status":"publish","type":"page","link":"https:\/\/storeringheim.no\/en\/","title":{"rendered":"Home"},"content":{"rendered":"\n<h1>\n\t\t\tVelkomen til Store Ringheim\t<\/h1>\n<h2>\n\t\t\tOpplev Voss &#8211; p\u00e5 ekte.\t<\/h2>\n<h2>\n\t\t\tAktuelt og kampanjar\t<\/h2>\n<figure itemscope itemtype=\"https:\/\/schema.org\/ImageObject\">\n\t\t\t\t<a href=\"https:\/\/storeringheim.no\/en\/experience-the-spring-in-voss\/\"  target=\"_self\" itemprop=\"url\">\n\t\t\t\t<img decoding=\"async\" src=\"https:\/\/storeringheim.no\/wp-content\/uploads\/2026\/04\/Voss-spring_Photo-Asmund-Aarsand_Visit-Voss-Mediakit-1024x683.jpg\" alt=\"Foto: \u00c5smund \u00c5rsand \/ Visit Voss\" height=\"683\" width=\"1024\" title=\"Voss-spring_Photo-Asmund-Aarsand_Visit-Voss-Mediakit\" onerror=\"this.style.display='none'\" loading=\"lazy\" \/>\n\t\t\t\t<\/a>\n\t<\/figure>\n<h3>\n\t\t<a href=\"https:\/\/storeringheim.no\/en\/hotel\/\" title=\"Opplev v\u00e5ren p\u00e5 Store Ringheim Hotel &amp; Restaurant\"  target=\"_self\">\n\t\t\tOpplev v\u00e5ren p\u00e5 Store Ringheim Hotel &#038; Restaurant\t\t<\/a>\n\t<\/h3>\n<figure itemscope itemtype=\"https:\/\/schema.org\/ImageObject\">\n\t\t\t\t<a href=\"https:\/\/storeringheim.no\/en\/news\/a-great-day-for-restaurant-florn-honored-by-falstaff-nordics-2026\/\"  target=\"_self\" itemprop=\"url\">\n\t\t\t\t<img decoding=\"async\" src=\"https:\/\/storeringheim.no\/wp-content\/uploads\/2026\/03\/image-1-1024x447.png\" alt=\"image\" height=\"447\" width=\"1024\" title=\"image\" onerror=\"this.style.display='none'\" loading=\"lazy\" \/>\n\t\t\t\t<\/a>\n\t<\/figure>\n<h3>\n\t\t<a href=\"https:\/\/storeringheim.no\/en\/news\/a-great-day-for-restaurant-florn-honored-by-falstaff-nordics-2026\/\" title=\"Ein stor dag for Restaurant Flor&#039;n: Heider fr\u00e5 Falstaff Nordics\"  target=\"_self\">\n\t\t\tEin stor dag for Restaurant Flor&#8217;n: Heider fr\u00e5 Falstaff Nordics\t\t<\/a>\n\t<\/h3>\n\t<p>Store Ringheim er eit familiedrive hotell og restaurant med rike tradisjonar p\u00e5 Voss. Me er opptekne av \u00e5 dela opplevingar med h\u00f8g kvalitet fr\u00e5 den vakre norske landsbygda. Med historisk sjarm og moderne komfort \u00f8nskjer me deg velkomen med ekte gjestfridom, slik at du kjenner deg heime-i rolege og stemningsfulle omgjevnader.<\/p>\n<figure itemscope itemtype=\"https:\/\/schema.org\/ImageObject\">\n\t\t\t\t<img decoding=\"async\" src=\"https:\/\/storeringheim.no\/wp-content\/uploads\/2021\/07\/StoreRingheim_dekorelement_svart.png\" alt=\"StoreRingheim_dekorelement_svart\" height=\"80\" width=\"872\" title=\"StoreRingheim_dekorelement_svart\" onerror=\"this.style.display='none'\" loading=\"lazy\" \/>\n\t<\/figure>\n<h2>\n\t\t\tHOTEL\t<\/h2>\n<figure itemscope itemtype=\"https:\/\/schema.org\/ImageObject\">\n\t\t\t\t<img decoding=\"async\" src=\"https:\/\/storeringheim.no\/wp-content\/uploads\/2021\/06\/border-300x28.png\" alt=\"border\" height=\"28\" width=\"300\" title=\"border\" onerror=\"this.style.display='none'\" loading=\"lazy\" \/>\n\t<\/figure>\n\t<p>V\u00e5re historiske og unikt utforma rom tilbyr ei innbydande oppleving med h\u00f8g komfort og stemningsfulle omgjevnader.<\/p>\n<figure itemscope itemtype=\"https:\/\/schema.org\/ImageObject\">\n\t\t\t\t<a href=\"https:\/\/storeringheim.no\/en\/accomodation\/\"  target=\"_self\" itemprop=\"url\">\n\t\t\t\t<img decoding=\"async\" src=\"https:\/\/storeringheim.no\/wp-content\/uploads\/2021\/08\/storeringheimhotell_gardshuset_stovo-2-1-kopi.jpg\" alt=\"storeringheimhotell_gardshuset_stovo-2-1 kopi\" height=\"600\" width=\"750\" title=\"storeringheimhotell_gardshuset_stovo-2-1 kopi\" onerror=\"this.style.display='none'\" loading=\"lazy\" \/>\n\t\t\t\t<\/a>\n\t<\/figure>\n\t\t\t<a href=\"https:\/\/storeringheim.no\/en\/hotel\/\"  target=\"_self\">\n\t\t\t\t\t\t\tSj\u00e5 hotel\n\t\t\t\t\t<\/a>\n\t\t\t<a href=\"https:\/\/app.mews.com\/distributor\/685c59d8-9f7a-4ad4-a328-b29100a15fcf\" target=\"_blank\" rel=\"noopener\">\n\t\t\t\t\t\t\tBook hotel\n\t\t\t\t\t<\/a>\n<h2>\n\t\t\tRESTAURANT\t<\/h2>\n<figure itemscope itemtype=\"https:\/\/schema.org\/ImageObject\">\n\t\t\t\t<img decoding=\"async\" src=\"https:\/\/storeringheim.no\/wp-content\/uploads\/2021\/06\/border-300x28.png\" alt=\"border\" height=\"28\" width=\"300\" title=\"border\" onerror=\"this.style.display='none'\" loading=\"lazy\" \/>\n\t<\/figure>\n\t<p>Opplev smakane av Voss i v\u00e5r prisvinnande restaurant! Du f\u00e5r mat laga fr\u00e5 botnen av, med lokale r\u00e5varer og h\u00f8g kvalitet.<\/p>\n<figure itemscope itemtype=\"https:\/\/schema.org\/ImageObject\">\n\t\t\t\t<a href=\"https:\/\/storeringheim.no\/en\/restaurant\/\" target=\"_self\" itemprop=\"url\">\n\t\t\t\t<img decoding=\"async\" src=\"https:\/\/storeringheim.no\/wp-content\/uploads\/2022\/07\/storeringheim_restaurant_servering_277.jpg\" alt=\"storeringheim_restaurant_servering_277\" height=\"600\" width=\"750\" title=\"storeringheim_restaurant_servering_277\" onerror=\"this.style.display='none'\" loading=\"lazy\" \/>\n\t\t\t\t<\/a>\n\t<\/figure>\n\t\t\t<a href=\"https:\/\/storeringheim.no\/en\/restaurant\/\" target=\"_self\">\n\t\t\t\t\t\t\tSj\u00e5 meny\n\t\t\t\t\t<\/a>\n\t\t\t<a href=\"https:\/\/ringheim.munu.shop\/bookingswidget\" target=\"_blank\" rel=\"noopener\">\n\t\t\t\t\t\t\tReserver bord\n\t\t\t\t\t<\/a>\n\t<p>e: <a href=\"mailto:booking@storeringheim.no?subject=General%20inquiry\">booking@storeringheim.no<\/a> \u2022 t: <a href=\"tel:+4795406135\">+47 954 06 135<\/a><\/p>\n<h2>\n\t\t\tKva seier gjestene v\u00e5re?\t<\/h2>\n\t<p><em>&#8220;This is what you call a Hidden Gem!!&#8221;<\/em> \u2022 &#8220;<em>Store Ringheim in Voss is an exceptionally wonderful place to stay.&#8221;\u00a0<\/em> \u2022 &#8220;<em>Fabulously located clean and cozy hotel with an amazing restaurant&#8221;<\/em> \u2022 &#8220;<em>The perfect hotel for epic roadtrips!&#8221;<\/em><\/p>\n\t\t\t<a href=\"https:\/\/storeringheim.no\/en\/reviews\/\" target=\"_self\">\n\t\t\t\t\t\t\tSj\u00e5 anbefalingar her\n\t\t\t\t\t<\/a>\n<figure itemscope itemtype=\"https:\/\/schema.org\/ImageObject\">\n\t\t\t\t<img decoding=\"async\" src=\"https:\/\/storeringheim.no\/wp-content\/uploads\/2024\/12\/guestbook-storeringheim-nobg-1024x543.png\" alt=\"guestbook-storeringheim-nobg\" height=\"543\" width=\"1024\" title=\"guestbook-storeringheim-nobg\" onerror=\"this.style.display='none'\" loading=\"lazy\" \/>\n\t<\/figure>\n<h2>\n\t\t\tSELSKAPSLOKALE\t<\/h2>\n<figure itemscope itemtype=\"https:\/\/schema.org\/ImageObject\">\n\t\t\t\t<img decoding=\"async\" src=\"https:\/\/storeringheim.no\/wp-content\/uploads\/2021\/06\/border-300x28.png\" alt=\"border\" height=\"28\" width=\"300\" title=\"border\" onerror=\"this.style.display='none'\" loading=\"lazy\" \/>\n\t<\/figure>\n\t<p>Her hj\u00e5 oss p\u00e5 Store Ringheim m\u00f8ter du ei anna verd, hus med sjel, rustikke t\u00f8mmerveggar, fine og unike detaljar, moderne komfort og ei heilt spesiell atmosf\u00e6re &#8211; som byr p\u00e5 den perfekte r\u00e5ma for \u00e5 feira ulike livshendingar.<\/p>\n<p>Me har lokale i ulike storleikar \u00e5 by p\u00e5; <strong><em>Smalaflor&#8217;n, Restaurant Flor&#8217;n, T\u00f8mmerstovo,<\/em><\/strong> samt v\u00e5r trivelege<strong><em> hagestove <\/em><\/strong>ute p\u00e5 terrassen gjennom sommarsesongen.<\/p>\n\t\t\t<a href=\"https:\/\/storeringheim.no\/selskap-arrangement\/selskapslokaler\/\" target=\"_self\">\n\t\t\t\t\t\t\tSj\u00e5 lokala v\u00e5re her\n\t\t\t\t\t<\/a>\n\t\t\t<a href=\"mailto:booking@storeringheim.no\"  target=\"_blank\" rel=\"noopener\"    rel=\"noopener\">\n\t\t\t\t\t\t\tKontakt oss\n\t\t\t\t\t<\/a>\n<figure itemscope itemtype=\"https:\/\/schema.org\/ImageObject\">\n\t\t\t\t<img decoding=\"async\" src=\"https:\/\/storeringheim.no\/wp-content\/uploads\/2024\/01\/Design.by_.Giske_storeringheim_selskap_blokk_01.jpg\" alt=\"Design.by.Giske_storeringheim_selskap_blokk_01\" height=\"600\" width=\"750\" title=\"Design.by.Giske_storeringheim_selskap_blokk_01\" onerror=\"this.style.display='none'\" loading=\"lazy\" \/>\n\t<\/figure>\n<figure itemscope itemtype=\"https:\/\/schema.org\/ImageObject\">\n\t\t\t\t<img decoding=\"async\" src=\"https:\/\/storeringheim.no\/wp-content\/uploads\/2024\/01\/Design.by_.Giske_storeringheim_konferanse_blokk_01.jpg\" alt=\"Design.by.Giske_storeringheim_konferanse_blokk_01\" height=\"600\" width=\"750\" title=\"Design.by.Giske_storeringheim_konferanse_blokk_01\" onerror=\"this.style.display='none'\" loading=\"lazy\" \/>\n\t<\/figure>\n<h2>\n\t\t\tM\u00f8ter, samling, kurs &#038; konferanser\t<\/h2>\n<figure itemscope itemtype=\"https:\/\/schema.org\/ImageObject\">\n\t\t\t\t<img decoding=\"async\" src=\"https:\/\/storeringheim.no\/wp-content\/uploads\/2021\/06\/border-300x28.png\" alt=\"border\" height=\"28\" width=\"300\" title=\"border\" onerror=\"this.style.display='none'\" loading=\"lazy\" \/>\n\t<\/figure>\n\t<p>Nye og uvanlege omgjevnader gjev grobotn for nye tankar og perspektiv. I ei roleg atmosf\u00e6re tilbyr me alt som trengs for \u00e5 gjennomf\u00f8ra ei god samling: lokale, teknisk utstyr, mat, drikke og eventuelt overnatting i v\u00e5rt boutiquehotell.<\/p>\n<p>Me har ulike m\u00f8tepakker som dekkar dei fleste behov, og me skreddarsyr gjerne desse ut fr\u00e5 dykkar ynskje og behov.<\/p>\n<p><strong><em>Smalaflor&#8217;n inntil 40 pers. \u2022 T\u00f8mmerstovo inntil 20 pers.<\/em><\/strong><\/p>\n\t\t\t<a href=\"https:\/\/storeringheim.no\/selskap-arrangement\/kurs-konferanse\/\" target=\"_self\">\n\t\t\t\t\t\t\t V\u00e5re lokale &#038; m\u00f8tepakker\n\t\t\t\t\t<\/a>\n\t\t\t<a href=\"mailto:booking@storeringheim.no\"  target=\"_blank\" rel=\"noopener\"    rel=\"noopener\">\n\t\t\t\t\t\t\tKontakt oss\n\t\t\t\t\t<\/a>\n<h2>\n\t\t\tOVERNATTING &#8211; leiligheter\t<\/h2>\n<figure itemscope itemtype=\"https:\/\/schema.org\/ImageObject\">\n\t\t\t\t<img decoding=\"async\" src=\"https:\/\/storeringheim.no\/wp-content\/uploads\/2021\/06\/border-300x28.png\" alt=\"border\" height=\"28\" width=\"300\" title=\"border\" onerror=\"this.style.display='none'\" loading=\"lazy\" \/>\n\t<\/figure>\n\t<p>Gjennom Store Ringheim Apartment har me 5 leiligheter for utleige. Desse er eit supplement til dei 15 hotellromma v\u00e5re p\u00e5 Store Ringheim.<\/p>\n<p>Villa Solberg med 3 store leiligheter ligg sentralt til i Lundarvegen 15B, Voss sentrum. Eit steinkast nedom Store Ringheim, i Hjadlane 2 har me Villa Hjadlane med 2 store leiligheter. Utleige som sj\u00f8lvhushald, korte og lange opphald, minimum 2 netter.<\/p>\n\t\t\t<a href=\"https:\/\/storeringheim.no\/en\/accomodation\/apartments\/\" target=\"_self\">\n\t\t\t\t\t\t\tSj\u00e5 v\u00e5re leiligheter\n\t\t\t\t\t<\/a>\n\t\t\t<a href=\"https:\/\/storeringheim-apartment.lodgify.com\/nb\/hjem\" target=\"_blank\" rel=\"noopener\">\n\t\t\t\t\t\t\tBooking leiligheter\n\t\t\t\t\t<\/a>\n<figure itemscope itemtype=\"https:\/\/schema.org\/ImageObject\">\n\t\t\t\t<img decoding=\"async\" src=\"https:\/\/storeringheim.no\/wp-content\/uploads\/2023\/07\/SR-Apartment_Villa-Hjadlane_2.etasje_web_3916.jpg\" alt=\"SR Apartment_Villa Hjadlane_2.etasje_web_3916\" height=\"1000\" width=\"1000\" title=\"SR Apartment_Villa Hjadlane_2.etasje_web_3916\" onerror=\"this.style.display='none'\" loading=\"lazy\" \/>\n\t<\/figure>\n<h2>\n\t\t\tG\u00c5VEKORT\t<\/h2>\n<figure itemscope itemtype=\"https:\/\/schema.org\/ImageObject\">\n\t\t\t\t<img decoding=\"async\" src=\"https:\/\/storeringheim.no\/wp-content\/uploads\/2021\/06\/border-300x28.png\" alt=\"border\" height=\"28\" width=\"300\" title=\"border\" onerror=\"this.style.display='none'\" loading=\"lazy\" \/>\n\t<\/figure>\n\t<p>Gode opplevingar skapar gode minne &#8211; og er ei perfekt g\u00e5ve til alle anledningar! Kva er d\u00e5 betre enn eit g\u00e5vekort p\u00e5 ei hotellovernatting og\/eller ei smaks-oppleving i Restaurant Flor&#8217;n?<\/p>\n<p>Me har v\u00e5re eigne fysiske g\u00e5vekort for sal i resepsjonen. Du kan og kj\u00f8pa g\u00e5vekort til bruk hj\u00e5 oss via Givn eller De Historiske.<\/p>\n\t\t\t<a href=\"https:\/\/storeringheim.no\/pakker\/gavekort\" target=\"_self\">\n\t\t\t\t\t\t\tLes meir og kj\u00f8p g\u00e5vekort her\n\t\t\t\t\t<\/a>\n<figure itemscope itemtype=\"https:\/\/schema.org\/ImageObject\">\n\t\t\t\t<img decoding=\"async\" src=\"https:\/\/storeringheim.no\/wp-content\/uploads\/2021\/06\/storeringheim_gavekort_01.jpg\" alt=\"storeringheim_gavekort_01\" height=\"600\" width=\"750\" title=\"storeringheim_gavekort_01\" onerror=\"this.style.display='none'\" loading=\"lazy\" \/>\n\t<\/figure>\n\t<p>Foto: Visit Voss \/ V\u00e5tt &amp; Vilt<\/p>\n<h2>\n\t\t\tNyt ferien i Norge!\t<\/h2>\n\t<p>\u00c5 droppa langturar til kokande temperaturar kan vere godt for b\u00e5de deg og kloden v\u00e5r. Med Voss som base kan du oppleva essensen av vestnorsk kultur og natur &#8211; der du brukar tida di p\u00e5 \u00e5 nyta trygge, friske omgjevnader med l\u00e5ge skuldre. Ta gjerne toget til Voss, og me hentar deg p\u00e5 stasjonen.<\/p>\n\t\t\t<a href=\"https:\/\/app.mews.com\/distributor\/685c59d8-9f7a-4ad4-a328-b29100a15fcf\" target=\"_blank\" rel=\"noopener\">\n\t\t\t\t\t\t\tBooking\n\t\t\t\t\t<\/a>\n\n","protected":false},"excerpt":{"rendered":"<p>Velkomen til Store Ringheim Opplev Voss &#8211; p\u00e5 ekte. Aktuelt og kampanjar Opplev v\u00e5ren p\u00e5 Store Ringheim Hotel &#038; Restaurant Ein stor dag for Restaurant Flor&#8217;n: Heider fr\u00e5 Falstaff Nordics Store Ringheim er eit familiedrive hotell og restaurant med rike tradisjonar p\u00e5 Voss. Me er opptekne av \u00e5 dela opplevingar med h\u00f8g kvalitet fr\u00e5 den&hellip;<\/p>\n","protected":false},"author":2,"featured_media":2266,"parent":0,"menu_order":0,"comment_status":"closed","ping_status":"closed","template":"","meta":{"footnotes":""},"class_list":["post-3309","page","type-page","status-publish","has-post-thumbnail","hentry"],"_links":{"self":[{"href":"https:\/\/storeringheim.no\/en\/wp-json\/wp\/v2\/pages\/3309","targetHints":{"allow":["GET"]}}],"collection":[{"href":"https:\/\/storeringheim.no\/en\/wp-json\/wp\/v2\/pages"}],"about":[{"href":"https:\/\/storeringheim.no\/en\/wp-json\/wp\/v2\/types\/page"}],"author":[{"embeddable":true,"href":"https:\/\/storeringheim.no\/en\/wp-json\/wp\/v2\/users\/2"}],"replies":[{"embeddable":true,"href":"https:\/\/storeringheim.no\/en\/wp-json\/wp\/v2\/comments?post=3309"}],"version-history":[{"count":14,"href":"https:\/\/storeringheim.no\/en\/wp-json\/wp\/v2\/pages\/3309\/revisions"}],"predecessor-version":[{"id":8833,"href":"https:\/\/storeringheim.no\/en\/wp-json\/wp\/v2\/pages\/3309\/revisions\/8833"}],"wp:featuredmedia":[{"embeddable":true,"href":"https:\/\/storeringheim.no\/en\/wp-json\/wp\/v2\/media\/2266"}],"wp:attachment":[{"href":"https:\/\/storeringheim.no\/en\/wp-json\/wp\/v2\/media?parent=3309"}],"curies":[{"name":"wp","href":"https:\/\/api.w.org\/{rel}","templated":true}]}}