{"id":7868,"date":"2025-06-18T17:28:23","date_gmt":"2025-06-18T15:28:23","guid":{"rendered":"https:\/\/storeringheim.no\/hotel\/"},"modified":"2026-03-24T16:07:51","modified_gmt":"2026-03-24T15:07:51","slug":"hotel","status":"publish","type":"page","link":"https:\/\/storeringheim.no\/en\/hotel\/","title":{"rendered":"Hotel"},"content":{"rendered":"\n<h1>\n\t\t\tHotellet p\u00e5 Store Ringheim\t<\/h1>\n<h2>\n\t\t\tEit fullkome opphald gir ro i sjela\t<\/h2>\n<h2>\n\t\t\tFor deg som s\u00f8kjer det vakre, det fredfulle og det eksklusive\t<\/h2>\n\t<p>I den vestnorske landsbygda Voss finn du Store Ringheim Hotel &#8211; eit eksklusivt boutiquehotell omgitt av fjell, skog og levande kulturlandskap. Her ventar ei oppleving for deg som set pris p\u00e5 kvalitet, ro og personleg service. Fr\u00e5 smakfulle m\u00e5ltid og lune rom til velv\u00e6re og natur tett p\u00e5. Hos oss er kvart rom unikt, kvar detalj gjennomtenkt for \u00e5 gi deg ei kjensle av luksus og kvile.<\/p>\n\t\t\t<a href=\"https:\/\/app.mews.com\/distributor\/685c59d8-9f7a-4ad4-a328-b29100a15fcf\" target=\"_blank\" rel=\"noopener\">\n\t\t\t\t\t\tFinn ledig dato\n\t\t\t\t\t<\/a>\n<figure itemscope itemtype=\"https:\/\/schema.org\/ImageObject\">\n\t\t\t\t<a href=\"https:\/\/storeringheim.no\/wp-content\/uploads\/2022\/07\/gb-design_storeringheim_sommar_7021.jpg\" target=\"_self\" itemprop=\"url\">\n\t\t\t\t<img decoding=\"async\" src=\"https:\/\/storeringheim.no\/wp-content\/uploads\/2022\/07\/gb-design_storeringheim_sommar_7021.jpg\" alt=\"gb-design_storeringheim_sommar_7021\" height=\"1000\" width=\"1000\" title=\"gb-design_storeringheim_sommar_7021\" onerror=\"this.style.display='none'\" loading=\"lazy\" \/>\n\t\t\t\t<\/a>\n\t<\/figure>\n<figure itemscope itemtype=\"https:\/\/schema.org\/ImageObject\">\n\t\t\t\t<a href=\"https:\/\/storeringheim.no\/wp-content\/uploads\/2021\/06\/Storeringheimhotell_hotellrom_reiskapshuset_kolingaeggi_08.jpg\" target=\"_self\" itemprop=\"url\">\n\t\t\t\t<img decoding=\"async\" src=\"https:\/\/storeringheim.no\/wp-content\/uploads\/2021\/06\/Storeringheimhotell_hotellrom_reiskapshuset_kolingaeggi_08-300x300.jpg\" alt=\"Storeringheimhotell_hotellrom_reiskapshuset_kolingaeggi_08\" height=\"300\" width=\"300\" title=\"Storeringheimhotell_hotellrom_reiskapshuset_kolingaeggi_08\" onerror=\"this.style.display='none'\" loading=\"lazy\" \/>\n\t\t\t\t<\/a>\n\t<\/figure>\n<figure itemscope itemtype=\"https:\/\/schema.org\/ImageObject\">\n\t\t\t\t<a href=\"https:\/\/storeringheim.no\/wp-content\/uploads\/2021\/06\/Storeringheimhotell_hotellrom_reiskapshuset_horndalsnuten_09.jpg\" target=\"_self\" itemprop=\"url\">\n\t\t\t\t<img decoding=\"async\" src=\"https:\/\/storeringheim.no\/wp-content\/uploads\/2021\/06\/Storeringheimhotell_hotellrom_reiskapshuset_horndalsnuten_09-300x300.jpg\" alt=\"Storeringheimhotell_hotellrom_reiskapshuset_horndalsnuten_09\" height=\"300\" width=\"300\" title=\"Storeringheimhotell_hotellrom_reiskapshuset_horndalsnuten_09\" onerror=\"this.style.display='none'\" loading=\"lazy\" \/>\n\t\t\t\t<\/a>\n\t<\/figure>\n<figure itemscope itemtype=\"https:\/\/schema.org\/ImageObject\">\n\t\t\t\t<a href=\"https:\/\/storeringheim.no\/wp-content\/uploads\/2022\/07\/gb-design_storeringheim_gardsmat_kj.hage_6036.jpg\" target=\"_self\" itemprop=\"url\">\n\t\t\t\t<img decoding=\"async\" src=\"https:\/\/storeringheim.no\/wp-content\/uploads\/2022\/07\/gb-design_storeringheim_gardsmat_kj.hage_6036.jpg\" alt=\"gb-design_storeringheim_gardsmat_kj.hage_6036\" height=\"1000\" width=\"1000\" title=\"gb-design_storeringheim_gardsmat_kj.hage_6036\" onerror=\"this.style.display='none'\" loading=\"lazy\" \/>\n\t\t\t\t<\/a>\n\t<\/figure>\n<figure itemscope itemtype=\"https:\/\/schema.org\/ImageObject\">\n\t\t\t\t<a href=\"https:\/\/storeringheim.no\/wp-content\/uploads\/2022\/07\/storeringheim_restaurant_servering_277.jpg\" target=\"_self\" itemprop=\"url\">\n\t\t\t\t<img decoding=\"async\" src=\"https:\/\/storeringheim.no\/wp-content\/uploads\/2022\/07\/storeringheim_restaurant_servering_277-300x240.jpg\" alt=\"storeringheim_restaurant_servering_277\" height=\"240\" width=\"300\" title=\"storeringheim_restaurant_servering_277\" onerror=\"this.style.display='none'\" loading=\"lazy\" \/>\n\t\t\t\t<\/a>\n\t<\/figure>\n<figure itemscope itemtype=\"https:\/\/schema.org\/ImageObject\">\n\t\t\t\t<a href=\"https:\/\/storeringheim.no\/wp-content\/uploads\/2025\/05\/storeringheim_hotell_eldhuset_4-\u00a9-gunn.kristin.monsen.jpg\" target=\"_self\" itemprop=\"url\">\n\t\t\t\t<img decoding=\"async\" src=\"https:\/\/storeringheim.no\/wp-content\/uploads\/2025\/05\/storeringheim_hotell_eldhuset_4-\u00a9-gunn.kristin.monsen-300x217.jpg\" alt=\"storeringheim_hotell_eldhuset_4 - \u00a9 gunn.kristin.monsen\" height=\"217\" width=\"300\" title=\"storeringheim_hotell_eldhuset_4 - \u00a9 gunn.kristin.monsen\" onerror=\"this.style.display='none'\" loading=\"lazy\" \/>\n\t\t\t\t<\/a>\n\t<\/figure>\n<figure itemscope itemtype=\"https:\/\/schema.org\/ImageObject\">\n\t\t\t\t<img decoding=\"async\" src=\"https:\/\/storeringheim.no\/wp-content\/uploads\/2022\/07\/storeringheim_hage_vertskap_2885-683x1024.jpg\" alt=\"Himmelske freds plass P\u00e5 Store Ringheim\" height=\"1024\" width=\"683\" title=\"storeringheim_hage_vertskap_2885\" onerror=\"this.style.display='none'\" loading=\"lazy\" \/>\n\t<\/figure>\n<h2>\n\t\t\tGjesteanbefaling\t<\/h2>\n\t<p><em>&#8220;<strong>Nydeleg stad med fantastisk mat og hyggelege folk<\/strong>. Eg vil anbefale dette til alle som vitjar Voss. Det mest magiske er \u00e5 sitje i hagen n\u00e5r morgondisen lettar og panoramautsikta kjem til syne!<\/em><\/p>\n<p><em><strong>Eit lite tips:<\/strong> Ikkje pr\u00f8v \u00e5 g\u00e5 fr\u00e5 togstasjonen med bagasje. Det ser kanskje greitt ut p\u00e5 Google Maps, men det er i r\u00f8ynda ein 30-minutts fottur opp eit fjell.&#8221;<\/em><\/p>\n\t<p>&#8211; Albert Bozesan, Google guide<\/p>\n<figure itemscope itemtype=\"https:\/\/schema.org\/ImageObject\">\n\t\t\t\t<a href=\"https:\/\/maps.app.goo.gl\/PrJQAgikPJRfMxgG8\" target=\"_blank\" rel=\"noopener\" itemprop=\"url\">\n\t\t\t\t<img decoding=\"async\" src=\"https:\/\/storeringheim.no\/wp-content\/uploads\/2025\/06\/Albert-Bozesan_googleguide.png\" alt=\"Albert-Bozesan_googleguide\" height=\"72\" width=\"72\" title=\"Albert-Bozesan_googleguide\" onerror=\"this.style.display='none'\" loading=\"lazy\" \/>\n\t\t\t\t<\/a>\n\t<\/figure>\n\t\t\t<a href=\"https:\/\/storeringheim.no\/transport-til-hotellet\/\" target=\"_self\">\n\t\t\t\t\t\t\tTransport til hotellet\n\t\t\t\t\t<\/a>\n\t\t\t<a href=\"https:\/\/storeringheim.no\/anbefalingar\/\" target=\"_self\">\n\t\t\t\t\t\t\tFleire anbefalingar\n\t\t\t\t\t<\/a>\n<h2>\n\t\t\tPassar hotellet for deg?\t<\/h2>\n\t<p>Dersom du har har ein eller fleire av fylgande interesser er Store Ringheim Hotell som skapt for deg!<\/p>\n<figure itemscope itemtype=\"https:\/\/schema.org\/ImageObject\">\n\t\t\t\t<img decoding=\"async\" src=\"https:\/\/storeringheim.no\/wp-content\/uploads\/2021\/06\/border-300x28.png\" alt=\"border\" height=\"28\" width=\"300\" title=\"border\" onerror=\"this.style.display='none'\" loading=\"lazy\" \/>\n\t<\/figure>\n<h2>\n\t\t\tEksklusiv overnatting i historiske omgjevnader\t<\/h2>\n\t<p>Dei to restaurerte overnattingshusa har r\u00f8ter i garden si historie, der moderne komfort m\u00f8ter rustikk eleganse. Kvar detalj er valt med omtanke, og atmosf\u00e6ren er b\u00e5de varm og eksklusiv &#8211; perfekt for deg som \u00f8nskjer eit opphald med s\u00e6rpreg, ro og kvalitet.<\/p>\n<figure itemscope itemtype=\"https:\/\/schema.org\/ImageObject\">\n\t\t\t\t<img decoding=\"async\" src=\"https:\/\/storeringheim.no\/wp-content\/uploads\/2021\/07\/StoreRingheim_dekorelement_svart.png\" alt=\"StoreRingheim_dekorelement_svart\" height=\"80\" width=\"872\" title=\"StoreRingheim_dekorelement_svart\" onerror=\"this.style.display='none'\" loading=\"lazy\" \/>\n\t<\/figure>\n<figure itemscope itemtype=\"https:\/\/schema.org\/ImageObject\">\n\t\t\t\t<img decoding=\"async\" src=\"https:\/\/storeringheim.no\/wp-content\/uploads\/2025\/05\/StoreRingheim_LOGOSYMBOL_kvit-271x300.png\" alt=\"StoreRingheim_LOGOSYMBOL_kvit\" height=\"300\" width=\"271\" title=\"StoreRingheim_LOGOSYMBOL_kvit\" onerror=\"this.style.display='none'\" loading=\"lazy\" \/>\n\t<\/figure>\n<h2>\n\t\t\tGardshuset\t<\/h2>\n\t<p>Rustikk eleganse med r\u00f8ter i historia<\/p>\n\t<p>I det sjarmerande Gardshuset bur du i eit restaurert hus fr\u00e5 1800-talet, der kvar bjelke og stein ber p\u00e5 ei historie. Her f\u00e5r du ei eksklusiv oppleving med romsleg atmosf\u00e6re, stilfull innreiing og fredfull utsikt over kulturlandskapet. Perfekt for deg som \u00f8nskjer noko heilt unikt &#8211; med b\u00e5de sjel og standard.<\/p>\n<p><a href=\"https:\/\/storeringheim.no\/overnatting\/gardshuset\/\">Sj\u00e5 romma her<\/a><\/p>\n<figure itemscope itemtype=\"https:\/\/schema.org\/ImageObject\">\n\t\t\t\t<img decoding=\"async\" src=\"https:\/\/storeringheim.no\/wp-content\/uploads\/2025\/05\/StoreRingheim_LOGOSYMBOL_kvit-271x300.png\" alt=\"StoreRingheim_LOGOSYMBOL_kvit\" height=\"300\" width=\"271\" title=\"StoreRingheim_LOGOSYMBOL_kvit\" onerror=\"this.style.display='none'\" loading=\"lazy\" \/>\n\t<\/figure>\n<h2>\n\t\t\tReiskapshuset\t<\/h2>\n\t<p>Eit stykke historie med moderne komfort<\/p>\n\t<p>Det gamle reiskapshuset er forvandla til eit eksklusivt og stemningsfullt overnattingshus med 9 rom, der det originale t\u00f8mmeret m\u00f8ter moderne komfort. Her bur du tett p\u00e5 garden si historie, med lune detaljar, h\u00f8g standard og ei heilt eiga atmosf\u00e6re &#8211; perfekt for eit roleg opphald med s\u00e6rpreg.<\/p>\n<p><a href=\"https:\/\/storeringheim.no\/overnatting\/reiskapshuset\/\">Sj\u00e5 romma her<\/a><\/p>\n<h2>\n\t\t\tPopul\u00e6re fasilitetar\t<\/h2>\n\t<p>Store Ringheim er klassifisert som eit 4-stjerners hotell. Her er noko av det som gjestene v\u00e5re set pris p\u00e5:<\/p>\n<figure itemscope itemtype=\"https:\/\/schema.org\/ImageObject\">\n\t\t\t\t<img decoding=\"async\" src=\"https:\/\/storeringheim.no\/wp-content\/uploads\/2021\/06\/border-300x28.png\" alt=\"border\" height=\"28\" width=\"300\" title=\"border\" onerror=\"this.style.display='none'\" loading=\"lazy\" \/>\n\t<\/figure>\n\t\t\t<a href=\"https:\/\/app.mews.com\/distributor\/685c59d8-9f7a-4ad4-a328-b29100a15fcf\" target=\"_blank\" rel=\"noopener\">\n\t\t\t\t\t\tFinn ledig dato\n\t\t\t\t\t<\/a>\n<h2>\n\t\t\tG\u00c5VEKORT\t<\/h2>\n<figure itemscope itemtype=\"https:\/\/schema.org\/ImageObject\">\n\t\t\t\t<img decoding=\"async\" src=\"https:\/\/storeringheim.no\/wp-content\/uploads\/2021\/06\/border-300x28.png\" alt=\"border\" height=\"28\" width=\"300\" title=\"border\" onerror=\"this.style.display='none'\" loading=\"lazy\" \/>\n\t<\/figure>\n\t<p>Gode opplevingar skapar gode minne &#8211; og er ei perfekt g\u00e5ve til alle anledningar! Kva er d\u00e5 betre enn eit g\u00e5vekort p\u00e5 ei hotellovernatting og\/eller ei smaks-oppleving i Restaurant Flor&#8217;n?<\/p>\n<p>Me har v\u00e5re eigne fysiske g\u00e5vekort for sal i resepsjonen. Du kan og kj\u00f8pa g\u00e5vekort til bruk hj\u00e5 oss via Givn eller De Historiske.<\/p>\n\t\t\t<a href=\"https:\/\/storeringheim.no\/pakker\/gavekort\" target=\"_self\">\n\t\t\t\t\t\t\tLes meir og kj\u00f8p g\u00e5vekort her\n\t\t\t\t\t<\/a>\n<figure itemscope itemtype=\"https:\/\/schema.org\/ImageObject\">\n\t\t\t\t<img decoding=\"async\" src=\"https:\/\/storeringheim.no\/wp-content\/uploads\/2021\/06\/storeringheim_gavekort_01.jpg\" alt=\"storeringheim_gavekort_01\" height=\"600\" width=\"750\" title=\"storeringheim_gavekort_01\" onerror=\"this.style.display='none'\" loading=\"lazy\" \/>\n\t<\/figure>\n\n","protected":false},"excerpt":{"rendered":"<p>For those who seek the beautiful, the peaceful, and the exclusive.<\/p>\n","protected":false},"author":2,"featured_media":2322,"parent":0,"menu_order":0,"comment_status":"closed","ping_status":"closed","template":"","meta":{"footnotes":""},"class_list":["post-7868","page","type-page","status-publish","has-post-thumbnail","hentry"],"_links":{"self":[{"href":"https:\/\/storeringheim.no\/en\/wp-json\/wp\/v2\/pages\/7868","targetHints":{"allow":["GET"]}}],"collection":[{"href":"https:\/\/storeringheim.no\/en\/wp-json\/wp\/v2\/pages"}],"about":[{"href":"https:\/\/storeringheim.no\/en\/wp-json\/wp\/v2\/types\/page"}],"author":[{"embeddable":true,"href":"https:\/\/storeringheim.no\/en\/wp-json\/wp\/v2\/users\/2"}],"replies":[{"embeddable":true,"href":"https:\/\/storeringheim.no\/en\/wp-json\/wp\/v2\/comments?post=7868"}],"version-history":[{"count":7,"href":"https:\/\/storeringheim.no\/en\/wp-json\/wp\/v2\/pages\/7868\/revisions"}],"predecessor-version":[{"id":8778,"href":"https:\/\/storeringheim.no\/en\/wp-json\/wp\/v2\/pages\/7868\/revisions\/8778"}],"wp:featuredmedia":[{"embeddable":true,"href":"https:\/\/storeringheim.no\/en\/wp-json\/wp\/v2\/media\/2322"}],"wp:attachment":[{"href":"https:\/\/storeringheim.no\/en\/wp-json\/wp\/v2\/media?parent=7868"}],"curies":[{"name":"wp","href":"https:\/\/api.w.org\/{rel}","templated":true}]}}