{"id":7963,"date":"2025-06-19T18:07:00","date_gmt":"2025-06-19T16:07:00","guid":{"rendered":"https:\/\/storeringheim.no\/accomodation\/"},"modified":"2025-06-19T20:01:53","modified_gmt":"2025-06-19T18:01:53","slug":"accomodation","status":"publish","type":"page","link":"https:\/\/storeringheim.no\/en\/accomodation\/","title":{"rendered":"Accomodation in Voss"},"content":{"rendered":"\n\n\t<p>Store Ringheim Hotell tilbyr ei s\u00e6reigen overnattingsoppleving midt i det vestnorske kulturlandskapet p\u00e5 Voss, med b\u00e5de eit sjarmerande boutiquehotell og moderne utleigeleilegheiter. Boutiquehotellet v\u00e5rt har komfortable og stilfulle rom, alle med eigne, moderne baderom. I tillegg tilbyr vi fullt utstyrte leilegheiter med kj\u00f8kken og god plass, ideelle for familiar eller gjester som \u00f8nskjer meir fleksibilitet.<\/p>\n<h2>\n\t\t\tHotellet &#8211; Sov godt i historiske omgjevnader\t<\/h2>\n\t<p>Hotellet p\u00e5 Store Ringheim byr p\u00e5 ei heilt spesiell overnattingsoppleving &#8211; der historie, komfort og ro g\u00e5r hand i hand. Her bur du i eit vakkert restaurert gardshus med unike rom, moderne fasilitetar og ei atmosf\u00e6re du ikkje finn andre stader.<\/p>\n<ul>\n<li>Unike og komfortable rom med moderne bad<\/li>\n<li>Sjarmerande omgjevnader med historisk s\u00e6rpreg<\/li>\n<li>Frukost og middag servert i v\u00e5r anerkjende restaurant<\/li>\n<li>N\u00e6rleik til natur<\/li>\n<li>Bu i ekte, vestnorsk kulturlandskap<\/li>\n<\/ul>\n\t\t\t<a href=\"https:\/\/storeringheim.no\/en\/hotel\/\" target=\"_self\">\n\t\t\t\t\t\t\tMeir om hotellet\n\t\t\t\t\t<\/a>\n\t\t\t<a href=\"https:\/\/be.synxis.com\/?hotel=60878&#038;adult=2&#038;locale=nb\" target=\"_self\" rel=\"noopener\">\n\t\t\t\t\t\t\tBooking\n\t\t\t\t\t<\/a>\n\t\t\t\t<img decoding=\"async\" src=\"https:\/\/storeringheim.no\/wp-content\/uploads\/2024\/01\/Design.by_.Giske_storeringheim_restaurant_sommermeny_3229.jpg\" alt=\"Design.by.Giske_storeringheim_restaurant_sommermeny_3229\" itemprop=\"image\" height=\"1000\" width=\"1000\" title=\"Design.by.Giske_storeringheim_restaurant_sommermeny_3229\" onerror=\"this.style.display='none'\" loading='lazy' \/>\n\t<p>Som gjest hos oss kan du starte dagen med ein smakfull frukost laga med lokale r\u00e5varer &#8211; servert i v\u00e5r prisvinnande restaurant. Om kvelden kan du nyte ein heimelaga middag i same restaurant, der me tilbyr sesongbaserte rettar inspirert av lokal matkultur. Her kan du slappa av og nyta smakar fr\u00e5 Voss etter opplevelsesrike dagar.<\/p>\n\t\t\t<a href=\"https:\/\/storeringheim.no\/en\/restaurant\/\" target=\"_blank\" rel=\"noopener\">\n\t\t\t\t\t\t\tTil restauranten\n\t\t\t\t\t<\/a>\n\t\t\t<a href=\"https:\/\/ringheim.munu.shop\/bookingswidget\" target=\"_blank\" rel=\"noopener\">\n\t\t\t\t\t\t\tBestill bord\n\t\t\t\t\t<\/a>\n<h2>\n\t\t\tLeiligheter: VILLA HJADLANE\t<\/h2>\n\t\t\t\t<img decoding=\"async\" src=\"https:\/\/storeringheim.no\/wp-content\/uploads\/2021\/06\/border-300x28.png\" alt=\"border\" itemprop=\"image\" height=\"28\" width=\"300\" title=\"border\" onerror=\"this.style.display='none'\" loading='lazy' \/>\n\tVilla Hjadlane har adresse Hjellane 2 p\u00e5 Voss, og ligg rett nedom Store Ringheim hotell &amp; restaurant. Leilighetene her vert utleigd som vanleg sj\u00f8lvhushald, men med moglegheit for \u00e5 kj\u00f8pa frukost p\u00e5 hotellet.\nDei 2 nyrenoverte leilighetene ligg i 1. og 2. etasje i huset. Leiligheta i\u00a0 hovudetasjen er litt st\u00f8rre enn den oppe i 2. etasje. Begge har 2 soverom og alt du treng for eit triveleg opphald. Leiligheten i 2. etasje har soverom nr. 2 ute i trappegangen. Fleire bilete av leilighetene kjem snart p\u00e5 plass.\n<h2>\n\t\t\tLeiligheter: VILLA SOLBERG\t<\/h2>\n\t\t\t\t<img decoding=\"async\" src=\"https:\/\/storeringheim.no\/wp-content\/uploads\/2021\/06\/border-300x28.png\" alt=\"border\" itemprop=\"image\" height=\"28\" width=\"300\" title=\"border\" onerror=\"this.style.display='none'\" loading='lazy' \/>\n\tI Villa Solberg har me 3 nyrenoverte leiligheter for utleige gjennom Store Ringheim Apartment. Villa Solberg ligg sentralt til i Lundarvegen 15B, med ei flott utsikt over Vossevangen og Gr\u00e5sida. Fr\u00e5 huset er det kun 5 minutt \u00e5 g\u00e5 ned til torget, omlag 20 minutts spasertur opp til Store Ringheim og 5 minutt i bil. Leilighetene i Villa Solberg vert utleigd som sj\u00f8lvhushald.\n\t\t\t\t<img decoding=\"async\" src=\"https:\/\/storeringheim.no\/wp-content\/uploads\/2021\/06\/border-300x28.png\" alt=\"border\" itemprop=\"image\" height=\"28\" width=\"300\" title=\"border\" onerror=\"this.style.display='none'\" loading='lazy' \/>\n\n","protected":false},"excerpt":{"rendered":"<p>Store Ringheim Hotel offers a unique accommodation experience in the heart of the Western Norwegian cultural landscape in Voss, featuring both a charming boutique hotel and modern rental apartments.<\/p>\n","protected":false},"author":2,"featured_media":2322,"parent":0,"menu_order":0,"comment_status":"closed","ping_status":"closed","template":"","meta":{"footnotes":""},"class_list":["post-7963","page","type-page","status-publish","has-post-thumbnail","hentry"],"_links":{"self":[{"href":"https:\/\/storeringheim.no\/en\/wp-json\/wp\/v2\/pages\/7963","targetHints":{"allow":["GET"]}}],"collection":[{"href":"https:\/\/storeringheim.no\/en\/wp-json\/wp\/v2\/pages"}],"about":[{"href":"https:\/\/storeringheim.no\/en\/wp-json\/wp\/v2\/types\/page"}],"author":[{"embeddable":true,"href":"https:\/\/storeringheim.no\/en\/wp-json\/wp\/v2\/users\/2"}],"replies":[{"embeddable":true,"href":"https:\/\/storeringheim.no\/en\/wp-json\/wp\/v2\/comments?post=7963"}],"version-history":[{"count":2,"href":"https:\/\/storeringheim.no\/en\/wp-json\/wp\/v2\/pages\/7963\/revisions"}],"predecessor-version":[{"id":7968,"href":"https:\/\/storeringheim.no\/en\/wp-json\/wp\/v2\/pages\/7963\/revisions\/7968"}],"wp:featuredmedia":[{"embeddable":true,"href":"https:\/\/storeringheim.no\/en\/wp-json\/wp\/v2\/media\/2322"}],"wp:attachment":[{"href":"https:\/\/storeringheim.no\/en\/wp-json\/wp\/v2\/media?parent=7963"}],"curies":[{"name":"wp","href":"https:\/\/api.w.org\/{rel}","templated":true}]}}