{"id":7973,"date":"2025-07-07T10:18:27","date_gmt":"2025-07-07T08:18:27","guid":{"rendered":"https:\/\/storeringheim.no\/packages\/"},"modified":"2025-08-18T14:23:21","modified_gmt":"2025-08-18T12:23:21","slug":"packages","status":"publish","type":"page","link":"https:\/\/storeringheim.no\/en\/packages\/","title":{"rendered":"Packages"},"content":{"rendered":"\n\n<h2>\n\t\t\tRomantisk opphald i &#8220;Gardshuset&#8221;\t<\/h2>\n\t\t\t\t<img decoding=\"async\" src=\"https:\/\/storeringheim.no\/wp-content\/uploads\/2021\/07\/StoreRingheim_dekorelement_svart-300x28.png\" alt=\"StoreRingheim_dekorelement_svart\" itemprop=\"image\" height=\"28\" width=\"300\" title=\"StoreRingheim_dekorelement_svart\" onerror=\"this.style.display='none'\" loading='lazy' \/>\n\t<p>Lenge leve kj\u00e6rleiken! Ta ein pause fr\u00e5 kvardagen og inviter din kj\u00e6re p\u00e5 eit romantisk opphald. Legg vekk mas og stress, sjekk inn, slapp av, senk skuldrene og nyt kvarandre i rolege omgjevnader og i ei heilt spesiell atmosf\u00e6re.<\/p>\n<p>Overnatting i historiske omgjevnader med bobler, blomar &amp; sjokolade p\u00e5 rommet, 5 rettars smaksmeny i Restaurant Flor&#8217;n og ein god heimelaga frukost neste morgon.<\/p>\n\t\t\t<a href=\"https:\/\/storeringheim.no\/pakker\/romantisk-opphald\/\" target=\"_self\">\n\t\t\t\t\t\t\tLes meir om &#8220;Romantisk opphald&#8221;\n\t\t\t\t\t<\/a>\n\t\t\t\t<img decoding=\"async\" src=\"https:\/\/storeringheim.no\/wp-content\/uploads\/2023\/03\/storeringheim_romantisk.opphald_7059-2.jpg\" alt=\"storeringheim_romantisk.opphald_7059-2\" itemprop=\"image\" height=\"750\" width=\"1000\" title=\"storeringheim_romantisk.opphald_7059-2\" onerror=\"this.style.display='none'\" loading='lazy' \/>\n\t\t\t\t<img decoding=\"async\" src=\"https:\/\/storeringheim.no\/wp-content\/uploads\/2021\/07\/StoreRingheim_dekorelement_svart-300x28.png\" alt=\"StoreRingheim_dekorelement_svart\" itemprop=\"image\" height=\"28\" width=\"300\" title=\"StoreRingheim_dekorelement_svart\" onerror=\"this.style.display='none'\" loading='lazy' \/>\n<h2>\n\t\t\t\u00d8lsmaking med noko att\u00e5t! \t<\/h2>\n\t\t\t\t<img decoding=\"async\" src=\"https:\/\/storeringheim.no\/wp-content\/uploads\/2021\/07\/StoreRingheim_dekorelement_svart-300x28.png\" alt=\"StoreRingheim_dekorelement_svart\" itemprop=\"image\" height=\"28\" width=\"300\" title=\"StoreRingheim_dekorelement_svart\" onerror=\"this.style.display='none'\" loading='lazy' \/>\n\t<p>For grupper (firma, organisasjonar, vener m.m.) byr me p\u00e5 <strong>&#8220;\u00d8lsmaking med noko att\u00e5t&#8221;<\/strong>, i samarbeide med L\/L Voss Fellesbryggeri og sjefsbryggar Rune Midttun.<\/p>\n<p>Etter \u00f8lsmakinga serverer me dykk ein smakfull 3-rettars middag, enten i Smalaflor&#8217;n eller Restaurant Flor&#8217;n.<\/p>\n<p><em><strong>&#8220;\u00d8lsmaking med noko att\u00e5t&#8221; er perfekt \u00e5 kombinera med m\u00f8te-\/kursopphald i bygda v\u00e5r.<\/strong><\/em><\/p>\n\t\t\t<a href=\"https:\/\/storeringheim.no\/pakker\/olsmaking-middag\/\" target=\"_self\">\n\t\t\t\t\t\t\tLes meir om \u00f8lsmaking\n\t\t\t\t\t<\/a>\n\t\t\t\t<img decoding=\"async\" src=\"https:\/\/storeringheim.no\/wp-content\/uploads\/2023\/03\/Design.by_.giske_storeringheim_vetle-ivar_0595-001.jpg\" alt=\"Design.by.giske_storeringheim_vetle-ivar_0595-001\" itemprop=\"image\" height=\"750\" width=\"1000\" title=\"Design.by.giske_storeringheim_vetle-ivar_0595-001\" onerror=\"this.style.display='none'\" loading='lazy' \/>\n\t\t\t\t<img decoding=\"async\" src=\"https:\/\/storeringheim.no\/wp-content\/uploads\/2021\/07\/StoreRingheim_dekorelement_svart-300x28.png\" alt=\"StoreRingheim_dekorelement_svart\" itemprop=\"image\" height=\"28\" width=\"300\" title=\"StoreRingheim_dekorelement_svart\" onerror=\"this.style.display='none'\" loading='lazy' \/>\n\n","protected":false},"excerpt":{"rendered":"<p>Beer tasting in collaboration with L\/L Voss Fellesbryggeri and head brewer Rune Midttun. After the beer tasting, we serve you a delicious 3-course dinner.<\/p>\n","protected":false},"author":3,"featured_media":5678,"parent":0,"menu_order":0,"comment_status":"closed","ping_status":"closed","template":"","meta":{"footnotes":""},"class_list":["post-7973","page","type-page","status-publish","has-post-thumbnail","hentry"],"_links":{"self":[{"href":"https:\/\/storeringheim.no\/en\/wp-json\/wp\/v2\/pages\/7973","targetHints":{"allow":["GET"]}}],"collection":[{"href":"https:\/\/storeringheim.no\/en\/wp-json\/wp\/v2\/pages"}],"about":[{"href":"https:\/\/storeringheim.no\/en\/wp-json\/wp\/v2\/types\/page"}],"author":[{"embeddable":true,"href":"https:\/\/storeringheim.no\/en\/wp-json\/wp\/v2\/users\/3"}],"replies":[{"embeddable":true,"href":"https:\/\/storeringheim.no\/en\/wp-json\/wp\/v2\/comments?post=7973"}],"version-history":[{"count":2,"href":"https:\/\/storeringheim.no\/en\/wp-json\/wp\/v2\/pages\/7973\/revisions"}],"predecessor-version":[{"id":8043,"href":"https:\/\/storeringheim.no\/en\/wp-json\/wp\/v2\/pages\/7973\/revisions\/8043"}],"wp:featuredmedia":[{"embeddable":true,"href":"https:\/\/storeringheim.no\/en\/wp-json\/wp\/v2\/media\/5678"}],"wp:attachment":[{"href":"https:\/\/storeringheim.no\/en\/wp-json\/wp\/v2\/media?parent=7973"}],"curies":[{"name":"wp","href":"https:\/\/api.w.org\/{rel}","templated":true}]}}